{"id":737,"date":"2024-02-28T12:57:40","date_gmt":"2024-02-28T11:57:40","guid":{"rendered":"https:\/\/merz-system.de\/?page_id=737"},"modified":"2025-01-29T13:27:01","modified_gmt":"2025-01-29T12:27:01","slug":"sb53-2t","status":"publish","type":"page","link":"https:\/\/merz-system.de\/en\/maschinen\/sb53-2t\/","title":{"rendered":"SB53-2T"},"content":{"rendered":"<div class=\"wp-block-columns alignfull produkt_block_neu has-background is-layout-flex wp-container-core-columns-is-layout-8f761849 wp-block-columns-is-layout-flex\" style=\"background:linear-gradient(0deg,rgb(240,240,240) 0%,rgb(255,255,255) 48%,rgb(240,240,240) 100%)\">\n<div class=\"wp-block-column is-layout-flow wp-block-column-is-layout-flow\" style=\"flex-basis:30%\" id=\"maschinen-titel-box\">\n<div class=\"wp-block-group section-stapel is-vertical is-nowrap is-layout-flex wp-container-core-group-is-layout-ff19e26b wp-block-group-is-layout-flex\">\n<h3 class=\"wp-block-heading pre-header-maschinen translation-block\">Forming, filling and sealing machine<\/h3>\n\n\n\n<h1 class=\"wp-block-heading pre-header-maschinen_maschinetitle\"><strong>SB53-2T<\/strong><\/h1>\n\n\n\n<div class=\"trenner-maschinen\"><\/div>\n\n\n\n<p class=\"pre-header-maschinen_secondline wp-block-paragraph\">For smoke-free filter portion packs with oral tobacco<br>2 independent stations<\/p>\n\n\n\n<p class=\"wp-block-paragraph\"><\/p>\n<\/div>\n<\/div>\n\n\n\n<div class=\"wp-block-column is-layout-flow wp-block-column-is-layout-flow\" style=\"flex-basis:70%\">\n<div class=\"imgWrap\">\n\n<img decoding=\"async\" src=\"\/wp-content\/360_test\/SB53-2T_360\/360_SB53-2T_360_00.png\" width=\"960\" height=\"660\"\nclass=\"reel\"\nid=\"image\"\ndata-images=\"\/wp-content\/360_test\/SB53-2T_360\/360_SB53-2T_##.png\"\ndata-velocity=\"0\"\ndata-frames=\"36\"\ndata-cw=\"false\"\ndata-orbital=\"0\"\ndata-preloader=\"1\"\ndata-inversed=\"false\"\ndata-speed=\"0\">\n\n<\/div>\n<\/div>\n<\/div>\n\n\n\n<div class=\"wp-block-group alignfull leiste_page_anker is-content-justification-center is-layout-flex wp-container-core-group-is-layout-56613c15 wp-block-group-is-layout-flex\" style=\"padding-top:0;padding-bottom:0\">\n<h6 class=\"wp-block-heading has-text-align-center ticss-07293610 sub-header-class\"><a href=\"#produktbereiche\" data-type=\"internal\" data-id=\"#produktbereiche\">Range of products<\/a><\/h6>\n\n\n\n<h6 class=\"wp-block-heading has-text-align-center ticss-8dbadff8 sub-header-class\"><a href=\"#einsatzbereiche\" data-type=\"internal\" data-id=\"#einsatzbereiche\">Operativ Range<\/a><\/h6>\n\n\n\n<h6 class=\"wp-block-heading has-text-align-center ticss-4389d660 sub-header-class\"><a href=\"#funktion\" data-type=\"internal\" data-id=\"#funktion\">Description of operation<\/a><\/h6>\n\n\n\n<h6 class=\"wp-block-heading has-text-align-center ticss-0968d4bd sub-header-class\"><a href=\"#dropdown\" data-type=\"internal\" data-id=\"#dropdown\">Performance characteristics<\/a><\/h6>\n\n\n\n<h6 class=\"wp-block-heading has-text-align-center ticss-caacae95 sub-header-class\"><a href=\"#dropdown\" data-type=\"internal\" data-id=\"#dropdown\">Technical details<\/a><\/h6>\n\n\n\n<h6 class=\"wp-block-heading has-text-align-center ticss-d8fe3ed2 sub-header-class\"><a href=\"#dropdown\" data-type=\"internal\" data-id=\"#dropdown\">Options<\/a><\/h6>\n<\/div>\n\n\n\n<div class=\"wp-block-group alignfull\"><div class=\"wp-block-group__inner-container is-layout-constrained wp-block-group-is-layout-constrained\">\n<div id=\"wp-block-themeisle-blocks-advanced-columns-d3538d03\" class=\"wp-block-themeisle-blocks-advanced-columns alignfull has-3-columns has-desktop-equal-layout has-tablet-equal-layout has-mobile-collapsedRows-layout has-vertical-unset section-no-pad has-light-bg\"><div class=\"wp-block-themeisle-blocks-advanced-columns-overlay\"><\/div><div class=\"innerblocks-wrap\">\n<div id=\"wp-block-themeisle-blocks-advanced-column-4b7f4b3d\" class=\"wp-block-themeisle-blocks-advanced-column\"><\/div>\n\n\n\n<div id=\"wp-block-themeisle-blocks-advanced-column-ccdf86a6\" class=\"wp-block-themeisle-blocks-advanced-column\">\n<div style=\"height:75px\" aria-hidden=\"true\" id=\"produktbereiche\" class=\"wp-block-spacer\"><\/div>\n\n\n\n<h1 class=\"wp-block-heading has-text-align-center\">Range of products<\/h1>\n\n\n\n<h5 class=\"wp-block-heading has-text-align-center has-neve-link-color-color has-text-color has-link-color wp-elements-b109d7719dc766df5fa14a98ff0a18b3\">with product examples<\/h5>\n\n\n\n<div style=\"height:75px\" aria-hidden=\"true\" class=\"wp-block-spacer\"><\/div>\n<\/div>\n\n\n\n<div id=\"wp-block-themeisle-blocks-advanced-column-aa405f7c\" class=\"wp-block-themeisle-blocks-advanced-column\"><\/div>\n<\/div><\/div>\n\n\n\n<div id=\"wp-block-themeisle-blocks-advanced-columns-e2e0a480\" class=\"wp-block-themeisle-blocks-advanced-columns alignfull has-2-columns has-desktop-equal-layout has-tablet-equal-layout has-mobile-collapsedRows-layout has-vertical-unset section-no-pad kontakt-section-aftersales has-light-bg\"><div class=\"wp-block-themeisle-blocks-advanced-columns-overlay\"><\/div><div class=\"innerblocks-wrap\">\n<div id=\"wp-block-themeisle-blocks-advanced-column-01c51249\" class=\"wp-block-themeisle-blocks-advanced-column has-light-bg\">\n<div style=\"height:25px\" aria-hidden=\"true\" class=\"wp-block-spacer\"><\/div>\n\n\n<div class=\"wp-block-image\">\n<figure class=\"aligncenter size-full is-resized\"><img decoding=\"async\" width=\"146\" height=\"79\" src=\"https:\/\/merz-system.de\/wp-content\/uploads\/2024\/03\/dry-tabacco-icon.png\" alt=\"\" class=\"wp-image-1690\" style=\"width:auto;height:70px\"\/><\/figure>\n<\/div>\n\n\n<h3 class=\"wp-block-heading has-text-align-center\">Dry Tobacco<\/h3>\n\n\n\n<h5 class=\"wp-block-heading has-text-align-center has-neve-link-color-color has-text-color has-link-color wp-elements-209a3cc07cad274aeafb57c895f40cbd\">&lt; 36% moisture<\/h5>\n\n\n\n<p class=\"has-text-align-center wp-block-paragraph translation-block\">Dry tobacco - is moistened after packaging<br>if necessary<\/p>\n\n\n\n<div style=\"height:25px\" aria-hidden=\"true\" class=\"wp-block-spacer\"><\/div>\n<\/div>\n\n\n\n<div id=\"wp-block-themeisle-blocks-advanced-column-8f7c0a75\" class=\"wp-block-themeisle-blocks-advanced-column has-light-bg\">\n<div style=\"height:25px\" aria-hidden=\"true\" class=\"wp-block-spacer\"><\/div>\n\n\n<div class=\"wp-block-image\">\n<figure class=\"aligncenter size-full is-resized\"><img decoding=\"async\" width=\"132\" height=\"79\" src=\"https:\/\/merz-system.de\/wp-content\/uploads\/2024\/03\/wet-tabacco-icon.png\" alt=\"\" class=\"wp-image-1691\" style=\"width:auto;height:70px\"\/><\/figure>\n<\/div>\n\n\n<h3 class=\"wp-block-heading has-text-align-center\">Wet Tobacco<\/h3>\n\n\n\n<h5 class=\"wp-block-heading has-text-align-center has-neve-link-color-color has-text-color has-link-color wp-elements-5e434105784c356e39a0ffa3314fbdc9\">&gt; 36% moisture<\/h5>\n\n\n\n<p class=\"has-text-align-center wp-block-paragraph translation-block\">Moist tobacco with more than <br>36% moisture - with and without remoistening<\/p>\n\n\n\n<div style=\"height:25px\" aria-hidden=\"true\" class=\"wp-block-spacer\"><\/div>\n<\/div>\n<\/div><\/div>\n\n\n\n<div id=\"wp-block-themeisle-blocks-advanced-columns-4d0115e0\" class=\"wp-block-themeisle-blocks-advanced-columns alignfull has-1-columns has-desktop-equal-layout has-tablet-equal-layout has-mobile-collapsedRows-layout has-vertical-unset section-no-pad kontakt-section-aftersales has-light-bg\"><div class=\"wp-block-themeisle-blocks-advanced-columns-overlay\"><\/div><div class=\"innerblocks-wrap\">\n<div id=\"wp-block-themeisle-blocks-advanced-column-ce67c0d3\" class=\"wp-block-themeisle-blocks-advanced-column has-light-bg\">\n<div style=\"height:25px\" aria-hidden=\"true\" class=\"wp-block-spacer\"><\/div>\n\n\n<div class=\"wp-block-image\">\n<figure class=\"aligncenter size-full is-resized\"><img decoding=\"async\" width=\"146\" height=\"79\" src=\"https:\/\/merz-system.de\/wp-content\/uploads\/2024\/03\/all-white-tabacco-icon.png\" alt=\"\" class=\"wp-image-1689\" style=\"width:auto;height:70px\"\/><\/figure>\n<\/div>\n\n\n<h3 class=\"wp-block-heading has-text-align-center\">All White<\/h3>\n\n\n\n<h5 class=\"wp-block-heading has-text-align-center has-neve-link-color-color has-text-color has-link-color wp-elements-25fe448c3852a7e9b621986537863cc2\">3% - 55% moisture<\/h5>\n\n\n\n<p class=\"has-text-align-center wp-block-paragraph\">Nicotine powder<br>from 3%-55% moisture<\/p>\n\n\n\n<div style=\"height:25px\" aria-hidden=\"true\" class=\"wp-block-spacer\"><\/div>\n<\/div>\n<\/div><\/div>\n<\/div><\/div>\n\n\n\n<div id=\"wp-block-themeisle-blocks-advanced-columns-472ebf0f\" class=\"wp-block-themeisle-blocks-advanced-columns alignfull has-3-columns has-desktop-equal-layout has-tablet-equal-layout has-mobile-collapsedRows-layout has-vertical-unset section-no-pad has-light-bg\"><div class=\"wp-block-themeisle-blocks-advanced-columns-overlay\"><\/div><div class=\"innerblocks-wrap\">\n<div id=\"wp-block-themeisle-blocks-advanced-column-db3a985e\" class=\"wp-block-themeisle-blocks-advanced-column\"><\/div>\n\n\n\n<div id=\"wp-block-themeisle-blocks-advanced-column-787b6853\" class=\"wp-block-themeisle-blocks-advanced-column\">\n<div style=\"height:75px\" aria-hidden=\"true\" id=\"einsatzbereiche\" class=\"wp-block-spacer\"><\/div>\n\n\n\n<h1 class=\"wp-block-heading has-text-align-center\">Operativ Range<\/h1>\n\n\n\n<h5 class=\"wp-block-heading has-text-align-center has-neve-link-color-color has-text-color has-link-color wp-elements-0bac6ffd892832e2c7049034e4030180\">Practical application<\/h5>\n\n\n\n<div style=\"height:75px\" aria-hidden=\"true\" class=\"wp-block-spacer\"><\/div>\n<\/div>\n\n\n\n<div id=\"wp-block-themeisle-blocks-advanced-column-1c5df4ae\" class=\"wp-block-themeisle-blocks-advanced-column\"><\/div>\n<\/div><\/div>\n\n\n\n<div id=\"wp-block-themeisle-blocks-advanced-columns-2090d435\" class=\"wp-block-themeisle-blocks-advanced-columns has-3-columns has-desktop-equal-layout has-tablet-equal-layout has-mobile-collapsedRows-layout has-vertical-center\"><div class=\"wp-block-themeisle-blocks-advanced-columns-overlay\"><\/div><div class=\"innerblocks-wrap\">\n<div id=\"wp-block-themeisle-blocks-advanced-column-5a1871c0\" class=\"wp-block-themeisle-blocks-advanced-column\"><\/div>\n\n\n\n<div id=\"wp-block-themeisle-blocks-advanced-column-53783866\" class=\"wp-block-themeisle-blocks-advanced-column ticss-53783866\">\n<figure class=\"wp-block-image size-full is-resized\"><img decoding=\"async\" width=\"2196\" height=\"2196\" src=\"https:\/\/merz-system.de\/wp-content\/uploads\/2024\/03\/snus.png\" alt=\"\" class=\"wp-image-1135\" style=\"width:100px\" srcset=\"https:\/\/merz-system.de\/wp-content\/uploads\/2024\/03\/snus.png 2196w, https:\/\/merz-system.de\/wp-content\/uploads\/2024\/03\/snus-300x300.png 300w, https:\/\/merz-system.de\/wp-content\/uploads\/2024\/03\/snus-1024x1024.png 1024w, https:\/\/merz-system.de\/wp-content\/uploads\/2024\/03\/snus-150x150.png 150w, https:\/\/merz-system.de\/wp-content\/uploads\/2024\/03\/snus-768x768.png 768w, https:\/\/merz-system.de\/wp-content\/uploads\/2024\/03\/snus-1536x1536.png 1536w, https:\/\/merz-system.de\/wp-content\/uploads\/2024\/03\/snus-2048x2048.png 2048w\" sizes=\"(max-width: 2196px) 100vw, 2196px\" \/><\/figure>\n\n\n\n<div style=\"height:25px\" aria-hidden=\"true\" class=\"wp-block-spacer\"><\/div>\n\n\n\n<h6 class=\"wp-block-heading has-text-align-center\" style=\"text-transform:uppercase\">SNUS<\/h6>\n<\/div>\n\n\n\n<div id=\"wp-block-themeisle-blocks-advanced-column-d7e1e161\" class=\"wp-block-themeisle-blocks-advanced-column\"><\/div>\n<\/div><\/div>\n\n\n\n<div style=\"height:75px\" aria-hidden=\"true\" class=\"wp-block-spacer\"><\/div>\n\n\n\n<div id=\"wp-block-themeisle-blocks-advanced-columns-76e42073\" class=\"wp-block-themeisle-blocks-advanced-columns alignfull has-2-columns has-desktop-equal-layout has-tablet-equal-layout has-mobile-collapsedRows-layout has-vertical-unset has-dark-bg section-stapel\"><div class=\"wp-block-themeisle-blocks-advanced-columns-overlay\"><\/div><div class=\"innerblocks-wrap\">\n<div id=\"wp-block-themeisle-blocks-advanced-column-926eb580\" class=\"wp-block-themeisle-blocks-advanced-column has-dark-bg\">\n<div style=\"height:50px\" aria-hidden=\"true\" id=\"funktion\" class=\"wp-block-spacer\"><\/div>\n\n\n\n<h1 class=\"wp-block-heading translation-block\">Functional <br>description<\/h1>\n\n\n\n<h5 class=\"wp-block-heading has-text-color has-link-color wp-elements-121541122d21034bc210fee4f321dbdd\" style=\"color:#ffcc00;text-transform:uppercase\">How the machine works<\/h5>\n\n\n\n<p class=\"wp-block-paragraph\">The SB53-2T pouch machine is a vertically operating, fully automatic forming, filling and sealing machine for the production of small tubular bag packs, known as \"Stickpacks\". The machine processes various types of nonwoven from the flat film roll. In a sequence of individual operations, the film is pulled off the roll, formed into a tube during vertical transport and longitudinally sealed, filled, cross-sealed and separated from the strand. The SB53-2T is a machine with two independent stations in one housing.<\/p>\n\n\n\n<div style=\"height:50px\" aria-hidden=\"true\" class=\"wp-block-spacer\"><\/div>\n<\/div>\n\n\n\n<div id=\"wp-block-themeisle-blocks-advanced-column-82e8f2f3\" class=\"wp-block-themeisle-blocks-advanced-column\"><\/div>\n<\/div><\/div>\n\n\n\n<div style=\"height:75px\" aria-hidden=\"true\" id=\"dropdown\" class=\"wp-block-spacer\"><\/div>\n\n\n\n<div id=\"wp-block-themeisle-blocks-accordion-ca18f30b\" class=\"wp-block-themeisle-blocks-accordion exclusive accordion-daten\">\n<details class=\"wp-block-themeisle-blocks-accordion-item accordion-block-sub-daten\"><summary class=\"wp-block-themeisle-blocks-accordion-item__title\"><div><strong>Performance characteristics<\/strong><\/div><\/summary><div class=\"wp-block-themeisle-blocks-accordion-item__content\">\n<figure class=\"wp-block-table aligncenter is-style-stripes\" style=\"padding-right:0;padding-left:0\"><table class=\"has-fixed-layout\"><tbody><tr><td class=\"has-text-align-left\" data-align=\"left\">Bag width standard<\/td><td>12 \/ 14 \/ 18 mm<\/td><\/tr><tr><td class=\"has-text-align-left\" data-align=\"left\">Special bag width<\/td><td>on request<\/td><\/tr><tr><td class=\"has-text-align-left\" data-align=\"left\">Bag length<\/td><td>min. 30 mm \/ max. 38 mm<\/td><\/tr><tr><td class=\"has-text-align-left\" data-align=\"left\">Special bag length<\/td><td>up to 41 mm<\/td><\/tr><tr><td class=\"has-text-align-left\" data-align=\"left\">Filling volume per bag<\/td><td>approx. 0.2 - 1.2g adjustable<\/td><\/tr><tr><td class=\"has-text-align-left\" data-align=\"left\">Output bags\/min<\/td><td>approx. (2\u00d7325) = 650\/min<\/td><\/tr><tr><td class=\"has-text-align-left\" data-align=\"left\">Number of lanes<\/td><td>2, independent<\/td><\/tr><tr><td class=\"has-text-align-left\" data-align=\"left\">Diameter of film reel<\/td><td>max. 400 mm<\/td><\/tr><tr><td class=\"has-text-align-left\" data-align=\"left\">Diameter of film reel core<\/td><td>70 \/ 76 mm<\/td><\/tr><tr><td class=\"has-text-align-left\" data-align=\"left\">Sealing pressure<\/td><td>up to 1000 N<\/td><\/tr><tr><td class=\"has-text-align-left\" data-align=\"left\">Air connection<\/td><td>6 bar<\/td><\/tr><tr><td class=\"has-text-align-left\" data-align=\"left\">Electr. connected wattage<\/td><td>approx. 5 KW<\/td><\/tr><tr><td class=\"has-text-align-left\" data-align=\"left\">Voltage supply standard<\/td><td>400V\/3\/N\/PE\/50Hz<\/td><\/tr><tr><td class=\"has-text-align-left\" data-align=\"left\">Protection class<\/td><td>IP 54<\/td><\/tr><tr><td class=\"has-text-align-left\" data-align=\"left\">Weight<\/td><td>approx. 1200 kg<\/td><\/tr><tr><td class=\"has-text-align-left\" data-align=\"left\">Colour standard<\/td><td>stainless steel - alu<\/td><\/tr><tr><td class=\"has-text-align-left\" data-align=\"left\">Packaging material<\/td><td>Nonwoven fleece, paper foils, special foils<\/td><\/tr><\/tbody><\/table><\/figure>\n\n\n\n<p class=\"wp-block-paragraph\"><\/p>\n<\/div><\/details>\n\n\n\n<details class=\"wp-block-themeisle-blocks-accordion-item accordion-block-sub-daten\"><summary class=\"wp-block-themeisle-blocks-accordion-item__title\"><div><strong>Technical details<\/strong><\/div><\/summary><div class=\"wp-block-themeisle-blocks-accordion-item__content\">\n<ul class=\"wp-block-list\">\n<li>Stainless steel machine<\/li>\n\n\n\n<li>Siemens PLC<\/li>\n\n\n\n<li>Foil monitoring (end + tear)<\/li>\n\n\n\n<li>Servo drive<\/li>\n\n\n\n<li>Mechanical seal pressure + air spring<\/li>\n\n\n\n<li>Adjustable filling quantity<\/li>\n\n\n\n<li>Moistening of Sticks adjustable<\/li>\n\n\n\n<li>Product monitoring + automatic refill<\/li>\n\n\n\n<li>- Stop- when in need of product or foil<\/li>\n\n\n\n<li>Display of all malfunctions<\/li>\n\n\n\n<li>Output continuously adjustable (electromechanically)<\/li>\n\n\n\n<li>Counting of Sticks for boxes<\/li>\n\n\n\n<li>Box handling automatically<\/li>\n\n\n\n<li>Quick exchange forming set<\/li>\n<\/ul>\n<\/div><\/details>\n\n\n\n<details class=\"wp-block-themeisle-blocks-accordion-item accordion-block-sub-daten\"><summary class=\"wp-block-themeisle-blocks-accordion-item__title\"><div><strong>Options<\/strong><\/div><\/summary><div class=\"wp-block-themeisle-blocks-accordion-item__content\">\n<ul class=\"wp-block-list\">\n<li>Box and lid supply<\/li>\n\n\n\n<li>Can closing unit<\/li>\n\n\n\n<li>Labelling<\/li>\n\n\n\n<li>Check weighing<\/li>\n\n\n\n<li>Allen Bradley control<\/li>\n\n\n\n<li class=\"translation-block\">Special version:<br>Complete line with up to 4 double machines<\/li>\n\n\n\n<li>Allen Bradley control system<\/li>\n<\/ul>\n<\/div><\/details>\n<\/div>\n\n\n\n<div style=\"height:25px\" aria-hidden=\"true\" class=\"wp-block-spacer\"><\/div>\n\n\n\n<div id=\"wp-block-themeisle-blocks-advanced-columns-7a5f441e\" class=\"wp-block-themeisle-blocks-advanced-columns alignfull has-4-columns has-desktop-equal-layout has-tablet-equal-layout has-mobile-collapsedRows-layout has-vertical-center\"><div class=\"wp-block-themeisle-blocks-advanced-columns-overlay\"><\/div><div class=\"innerblocks-wrap\">\n<div id=\"wp-block-themeisle-blocks-advanced-column-6a0f2fc4\" class=\"wp-block-themeisle-blocks-advanced-column ticss-6a0f2fc4\">\n<figure class=\"wp-block-image size-full is-resized ticss-fdf60598\"><a href=\"https:\/\/merz-system.de\/wp-content\/uploads\/2025\/01\/SB53-2T_RZ.pdf\"><img decoding=\"async\" width=\"106\" height=\"106\" src=\"https:\/\/merz-system.de\/wp-content\/uploads\/2024\/02\/Gruppe-470-1.png\" alt=\"\" class=\"wp-image-597\" style=\"width:30px\"\/><\/a><\/figure>\n\n\n\n<p class=\"wp-block-paragraph\" style=\"text-transform:uppercase\"><a href=\"https:\/\/merz-system.de\/wp-content\/uploads\/2025\/01\/SB53-2T_RZ.pdf\" target=\"_blank\" rel=\"noreferrer noopener\">Datenblatt(DE)<\/a><\/p>\n<\/div>\n\n\n\n<div id=\"wp-block-themeisle-blocks-advanced-column-1ba8f12b\" class=\"wp-block-themeisle-blocks-advanced-column ticss-6a0f2fc4\">\n<figure class=\"wp-block-image size-full is-resized ticss-fdf60598\"><a href=\"https:\/\/merz-system.de\/wp-content\/uploads\/2025\/01\/SB53-2T_RZ_en.pdf\"><img decoding=\"async\" width=\"106\" height=\"106\" src=\"https:\/\/merz-system.de\/wp-content\/uploads\/2024\/02\/Gruppe-470-1.png\" alt=\"\" class=\"wp-image-597\" style=\"width:30px\"\/><\/a><\/figure>\n\n\n\n<p class=\"wp-block-paragraph\" style=\"text-transform:uppercase\"><a href=\"https:\/\/merz-system.de\/wp-content\/uploads\/2025\/01\/SB53-2T_RZ_en.pdf\" target=\"_blank\" rel=\"noreferrer noopener\">DATASHEET (EN)<\/a><\/p>\n<\/div>\n\n\n\n<div id=\"wp-block-themeisle-blocks-advanced-column-4866f91e\" class=\"wp-block-themeisle-blocks-advanced-column\"><\/div>\n\n\n\n<div id=\"wp-block-themeisle-blocks-advanced-column-1a1ba160\" class=\"wp-block-themeisle-blocks-advanced-column\"><\/div>\n<\/div><\/div>\n\n\n\n<div id=\"wp-block-themeisle-blocks-advanced-columns-3a439deb\" class=\"wp-block-themeisle-blocks-advanced-columns alignfull has-4-columns has-desktop-equal-layout has-tablet-equal-layout has-mobile-collapsedRows-layout has-vertical-top has-light-bg pre-footer section-stapel\"><div class=\"wp-block-themeisle-blocks-advanced-columns-overlay\"><\/div><div class=\"innerblocks-wrap\">\n<div id=\"wp-block-themeisle-blocks-advanced-column-8ba382cf\" class=\"wp-block-themeisle-blocks-advanced-column\">\n<div style=\"height:25px\" aria-hidden=\"true\" class=\"wp-block-spacer\"><\/div>\n\n\n\n<h5 class=\"wp-block-heading headline-footer\">ADDRESS<\/h5>\n\n\n\n<div style=\"height:25px\" aria-hidden=\"true\" class=\"wp-block-spacer\"><\/div>\n\n\n\n<p class=\"footer-content\"><strong>MERZ Verpackungsmaschinen GmbH<\/strong><br>Carl-Benz-Ring 42<br>35423 Lich<br>Germany<\/p>\n<\/div>\n\n\n\n<div id=\"wp-block-themeisle-blocks-advanced-column-92889a1f\" class=\"wp-block-themeisle-blocks-advanced-column\">\n<div style=\"height:25px\" aria-hidden=\"true\" class=\"wp-block-spacer\"><\/div>\n\n\n\n<h5 class=\"wp-block-heading headline-footer\">COMMUNICATION<\/h5>\n\n\n\n<div style=\"height:25px\" aria-hidden=\"true\" class=\"wp-block-spacer\"><\/div>\n\n\n\n<p class=\"footer-content\"><strong>Phone:<\/strong>: +49 6404 9172-0<br><strong>Mail:<\/strong> verwaltung@merz-system.de<\/p>\n<\/div>\n\n\n\n<div id=\"wp-block-themeisle-blocks-advanced-column-7a02af8e\" class=\"wp-block-themeisle-blocks-advanced-column\">\n<div style=\"height:25px\" aria-hidden=\"true\" class=\"wp-block-spacer\"><\/div>\n\n\n\n<h5 class=\"wp-block-heading headline-footer\">Aftersales<\/h5>\n\n\n\n<div style=\"height:25px\" aria-hidden=\"true\" class=\"wp-block-spacer\"><\/div>\n\n\n\n<p class=\"footer-content\"><strong>Phone:<\/strong>: +49 6404 9172-600<br><strong>Whatsapp Business:<\/strong> +49 171 4966680\n<br><strong>Mail:<\/strong> aftersales@merz-system.de\n<\/p>\n<\/div>\n\n\n\n<div id=\"wp-block-themeisle-blocks-advanced-column-9c3d0f10\" class=\"wp-block-themeisle-blocks-advanced-column\">\n<div style=\"height:25px\" aria-hidden=\"true\" class=\"wp-block-spacer\"><\/div>\n\n\n\n<h5 class=\"wp-block-heading headline-footer\">OFFICE HOURS<\/h5>\n\n\n\n<div style=\"height:25px\" aria-hidden=\"true\" class=\"wp-block-spacer\"><\/div>\n\n\n\n<p class=\"footer-content\"><strong> Monday - Thursday\n <\/strong><br>\n8.00 a.m. - 4.30 p.m.<br><strong>Friday <\/strong><br>\n8.00 a.m. - 2.00 p.m.\n<\/p>\n<\/div>\n<\/div><\/div>\n\n\n\n<div class=\"wp-block-group alignfull has-background is-nowrap is-layout-flex wp-container-core-group-is-layout-8f761849 wp-block-group-is-layout-flex\" style=\"background-color:#fafafa\">\n<div style=\"height:50px\" aria-hidden=\"true\" class=\"wp-block-spacer wp-container-content-b30579f5\"><\/div>\n\n\n\n<div style=\"height:80px\" aria-hidden=\"true\" class=\"wp-block-spacer wp-container-content-f96796aa\"><\/div>\n<\/div>","protected":false},"excerpt":{"rendered":"<p>Form-, F\u00fcll- und Verschlie\u00dfmaschine SB53-2T F\u00fcr rauchfreie Ortaltabak-Portionsverpackungen in Filterfolie.2 unabh\u00e4ngige Stationen Produktbereiche Einsatzbereiche Funktionsbeschreibung Leistungsmerkmale Technische Details Optionen<\/p>","protected":false},"author":1,"featured_media":0,"parent":175,"menu_order":0,"comment_status":"closed","ping_status":"closed","template":"","meta":{"_crdt_document":"","neve_meta_sidebar":"","neve_meta_container":"","neve_meta_enable_content_width":"","neve_meta_content_width":0,"neve_meta_title_alignment":"","neve_meta_author_avatar":"","neve_post_elements_order":"","neve_meta_disable_header":"","neve_meta_disable_footer":"","neve_meta_disable_title":"on","_themeisle_gutenberg_block_has_review":false,"footnotes":""},"class_list":["post-737","page","type-page","status-publish","hentry"],"_links":{"self":[{"href":"https:\/\/merz-system.de\/en\/wp-json\/wp\/v2\/pages\/737","targetHints":{"allow":["GET"]}}],"collection":[{"href":"https:\/\/merz-system.de\/en\/wp-json\/wp\/v2\/pages"}],"about":[{"href":"https:\/\/merz-system.de\/en\/wp-json\/wp\/v2\/types\/page"}],"author":[{"embeddable":true,"href":"https:\/\/merz-system.de\/en\/wp-json\/wp\/v2\/users\/1"}],"replies":[{"embeddable":true,"href":"https:\/\/merz-system.de\/en\/wp-json\/wp\/v2\/comments?post=737"}],"version-history":[{"count":8,"href":"https:\/\/merz-system.de\/en\/wp-json\/wp\/v2\/pages\/737\/revisions"}],"predecessor-version":[{"id":3344,"href":"https:\/\/merz-system.de\/en\/wp-json\/wp\/v2\/pages\/737\/revisions\/3344"}],"up":[{"embeddable":true,"href":"https:\/\/merz-system.de\/en\/wp-json\/wp\/v2\/pages\/175"}],"wp:attachment":[{"href":"https:\/\/merz-system.de\/en\/wp-json\/wp\/v2\/media?parent=737"}],"curies":[{"name":"wp","href":"https:\/\/api.w.org\/{rel}","templated":true}]}}