{"id":3969,"date":"2026-03-11T09:16:49","date_gmt":"2026-03-11T08:16:49","guid":{"rendered":"https:\/\/merz-system.de\/?page_id=3969"},"modified":"2026-03-11T09:50:18","modified_gmt":"2026-03-11T08:50:18","slug":"zeitstrahl","status":"publish","type":"page","link":"https:\/\/merz-system.de\/en\/zeitstrahl\/","title":{"rendered":"Zeitstrahl"},"content":{"rendered":"<div id=\"wp-block-themeisle-blocks-timeline-4f85eb6f\" class=\"wp-block-themeisle-blocks-timeline\"><div class=\"o-timeline-root\">\n<div id=\"wp-block-themeisle-blocks-timeline-item-019d8ade\" class=\"wp-block-themeisle-blocks-timeline-item\"><div class=\"o-timeline-container\"><div class=\"o-timeline-icon\"><i class=\"fas fa-circle\"><\/i><\/div><div class=\"o-timeline-content\">\n<p class=\"has-small-font-size wp-block-paragraph\">1971<\/p>\n\n\n\n<h3 class=\"wp-block-heading\">Gr\u00fcndung des Konstruktionsb\u00fcros<\/h3>\n\n\n\n<figure class=\"wp-block-image size-full\"><img decoding=\"async\" width=\"342\" height=\"267\" src=\"https:\/\/merz-system.de\/wp-content\/uploads\/2026\/03\/KoBue-eMerz.jpg\" alt=\"\" class=\"wp-image-3973\" srcset=\"https:\/\/merz-system.de\/wp-content\/uploads\/2026\/03\/KoBue-eMerz.jpg 342w, https:\/\/merz-system.de\/wp-content\/uploads\/2026\/03\/KoBue-eMerz-300x234.jpg 300w, https:\/\/merz-system.de\/wp-content\/uploads\/2026\/03\/KoBue-eMerz-15x12.jpg 15w\" sizes=\"(max-width: 342px) 100vw, 342px\" \/><\/figure>\n<\/div><\/div><\/div>\n\n\n\n<div id=\"wp-block-themeisle-blocks-timeline-item-9b856b15\" class=\"wp-block-themeisle-blocks-timeline-item\"><div class=\"o-timeline-container\"><div class=\"o-timeline-icon\"><i class=\"fas fa-circle\"><\/i><\/div><div class=\"o-timeline-content\">\n<p class=\"has-small-font-size wp-block-paragraph\">1978<\/p>\n\n\n\n<h3 class=\"wp-block-heading\">Gewerbeanmeldung Maria Merz in der Amtsgerichtsstra\u00dfe in Lich<\/h3>\n\n\n\n<figure class=\"wp-block-image size-full\"><img decoding=\"async\" width=\"340\" height=\"255\" src=\"https:\/\/merz-system.de\/wp-content\/uploads\/2026\/03\/Amtsgerichtstrasse.jpg\" alt=\"\" class=\"wp-image-3979\" srcset=\"https:\/\/merz-system.de\/wp-content\/uploads\/2026\/03\/Amtsgerichtstrasse.jpg 340w, https:\/\/merz-system.de\/wp-content\/uploads\/2026\/03\/Amtsgerichtstrasse-300x225.jpg 300w, https:\/\/merz-system.de\/wp-content\/uploads\/2026\/03\/Amtsgerichtstrasse-16x12.jpg 16w\" sizes=\"(max-width: 340px) 100vw, 340px\" \/><\/figure>\n<\/div><\/div><\/div>\n\n\n\n<div id=\"wp-block-themeisle-blocks-timeline-item-2685c44f\" class=\"wp-block-themeisle-blocks-timeline-item\"><div class=\"o-timeline-container\"><div class=\"o-timeline-icon\"><i class=\"fas fa-circle\"><\/i><\/div><div class=\"o-timeline-content\">\n<p class=\"has-small-font-size wp-block-paragraph\">1979<\/p>\n\n\n\n<h3 class=\"wp-block-heading\">Gru\u0308ndung der Merz Verpackungsmaschinen GmbH durch Eckhard und Maria Merz<\/h3>\n\n\n\n<figure class=\"wp-block-image size-large\"><img decoding=\"async\" width=\"1024\" height=\"683\" src=\"https:\/\/merz-system.de\/wp-content\/uploads\/2026\/03\/EM-Merz-1024x683.jpg\" alt=\"\" class=\"wp-image-3981\" srcset=\"https:\/\/merz-system.de\/wp-content\/uploads\/2026\/03\/EM-Merz-1024x683.jpg 1024w, https:\/\/merz-system.de\/wp-content\/uploads\/2026\/03\/EM-Merz-300x200.jpg 300w, https:\/\/merz-system.de\/wp-content\/uploads\/2026\/03\/EM-Merz-768x512.jpg 768w, https:\/\/merz-system.de\/wp-content\/uploads\/2026\/03\/EM-Merz-18x12.jpg 18w, https:\/\/merz-system.de\/wp-content\/uploads\/2026\/03\/EM-Merz-930x620.jpg 930w, https:\/\/merz-system.de\/wp-content\/uploads\/2026\/03\/EM-Merz.jpg 1200w\" sizes=\"(max-width: 1024px) 100vw, 1024px\" \/><\/figure>\n<\/div><\/div><\/div>\n\n\n\n<div id=\"wp-block-themeisle-blocks-timeline-item-3aa2c618\" class=\"wp-block-themeisle-blocks-timeline-item\"><div class=\"o-timeline-container\"><div class=\"o-timeline-icon\"><i class=\"fas fa-circle\"><\/i><\/div><div class=\"o-timeline-content\">\n<p class=\"has-small-font-size wp-block-paragraph\">1979<\/p>\n\n\n\n<h3 class=\"wp-block-heading\">Umzug in die Bahnhofstra\u00dfe in Lich<\/h3>\n\n\n\n<figure class=\"wp-block-image size-large\"><img decoding=\"async\" width=\"1024\" height=\"702\" src=\"https:\/\/merz-system.de\/wp-content\/uploads\/2026\/03\/Firmengebaeude-Bahnhofstrasse-1024x702.jpg\" alt=\"\" class=\"wp-image-3983\" srcset=\"https:\/\/merz-system.de\/wp-content\/uploads\/2026\/03\/Firmengebaeude-Bahnhofstrasse-1024x702.jpg 1024w, https:\/\/merz-system.de\/wp-content\/uploads\/2026\/03\/Firmengebaeude-Bahnhofstrasse-300x206.jpg 300w, https:\/\/merz-system.de\/wp-content\/uploads\/2026\/03\/Firmengebaeude-Bahnhofstrasse-768x527.jpg 768w, https:\/\/merz-system.de\/wp-content\/uploads\/2026\/03\/Firmengebaeude-Bahnhofstrasse-1536x1053.jpg 1536w, https:\/\/merz-system.de\/wp-content\/uploads\/2026\/03\/Firmengebaeude-Bahnhofstrasse-2048x1404.jpg 2048w, https:\/\/merz-system.de\/wp-content\/uploads\/2026\/03\/Firmengebaeude-Bahnhofstrasse-18x12.jpg 18w\" sizes=\"(max-width: 1024px) 100vw, 1024px\" \/><\/figure>\n<\/div><\/div><\/div>\n\n\n\n<div id=\"wp-block-themeisle-blocks-timeline-item-ad585fd5\" class=\"wp-block-themeisle-blocks-timeline-item\"><div class=\"o-timeline-container\"><div class=\"o-timeline-icon\"><i class=\"fas fa-circle\"><\/i><\/div><div class=\"o-timeline-content\">\n<p class=\"has-small-font-size wp-block-paragraph\">1997<\/p>\n\n\n\n<h3 class=\"wp-block-heading\">Bau einer Montagehalle<\/h3>\n\n\n\n<figure class=\"wp-block-image size-full\"><img decoding=\"async\" width=\"545\" height=\"203\" src=\"https:\/\/merz-system.de\/wp-content\/uploads\/2026\/03\/Bau-Montagehalle-alt.jpg\" alt=\"\" class=\"wp-image-3984\" srcset=\"https:\/\/merz-system.de\/wp-content\/uploads\/2026\/03\/Bau-Montagehalle-alt.jpg 545w, https:\/\/merz-system.de\/wp-content\/uploads\/2026\/03\/Bau-Montagehalle-alt-300x112.jpg 300w, https:\/\/merz-system.de\/wp-content\/uploads\/2026\/03\/Bau-Montagehalle-alt-18x7.jpg 18w\" sizes=\"(max-width: 545px) 100vw, 545px\" \/><\/figure>\n<\/div><\/div><\/div>\n\n\n\n<div id=\"wp-block-themeisle-blocks-timeline-item-a940bf29\" class=\"wp-block-themeisle-blocks-timeline-item\"><div class=\"o-timeline-container\"><div class=\"o-timeline-icon\"><i class=\"fas fa-circle\"><\/i><\/div><div class=\"o-timeline-content\">\n<p class=\"has-small-font-size wp-block-paragraph\">1997<\/p>\n\n\n\n<h3 class=\"wp-block-heading\">Erweiterung der Montagefl\u00e4che<\/h3>\n\n\n\n<figure class=\"wp-block-image size-full\"><img decoding=\"async\" width=\"397\" height=\"298\" src=\"https:\/\/merz-system.de\/wp-content\/uploads\/2026\/03\/Bau-neue-Montagehalle.jpg\" alt=\"\" class=\"wp-image-3985\" srcset=\"https:\/\/merz-system.de\/wp-content\/uploads\/2026\/03\/Bau-neue-Montagehalle.jpg 397w, https:\/\/merz-system.de\/wp-content\/uploads\/2026\/03\/Bau-neue-Montagehalle-300x225.jpg 300w, https:\/\/merz-system.de\/wp-content\/uploads\/2026\/03\/Bau-neue-Montagehalle-16x12.jpg 16w\" sizes=\"(max-width: 397px) 100vw, 397px\" \/><\/figure>\n<\/div><\/div><\/div>\n\n\n\n<div id=\"wp-block-themeisle-blocks-timeline-item-42d0cdff\" class=\"wp-block-themeisle-blocks-timeline-item\"><div class=\"o-timeline-container\"><div class=\"o-timeline-icon\"><i class=\"fas fa-circle\"><\/i><\/div><div class=\"o-timeline-content\">\n<p class=\"has-small-font-size wp-block-paragraph\">2000<\/p>\n\n\n\n<h3 class=\"wp-block-heading\">Verkauf der Maschine 100<\/h3>\n\n\n\n<figure class=\"wp-block-image size-full\"><img decoding=\"async\" width=\"305\" height=\"475\" src=\"https:\/\/merz-system.de\/wp-content\/uploads\/2026\/03\/image.jpg\" alt=\"\" class=\"wp-image-3986\" srcset=\"https:\/\/merz-system.de\/wp-content\/uploads\/2026\/03\/image.jpg 305w, https:\/\/merz-system.de\/wp-content\/uploads\/2026\/03\/image-193x300.jpg 193w, https:\/\/merz-system.de\/wp-content\/uploads\/2026\/03\/image-8x12.jpg 8w\" sizes=\"(max-width: 305px) 100vw, 305px\" \/><\/figure>\n<\/div><\/div><\/div>\n\n\n\n<div id=\"wp-block-themeisle-blocks-timeline-item-4c1d9ca7\" class=\"wp-block-themeisle-blocks-timeline-item\"><div class=\"o-timeline-container\"><div class=\"o-timeline-icon\"><i class=\"fas fa-circle\"><\/i><\/div><div class=\"o-timeline-content\">\n<p class=\"has-small-font-size wp-block-paragraph\">2001<\/p>\n\n\n\n<h3 class=\"wp-block-heading\">Einrichtung einer neuen Fertigung<\/h3>\n\n\n\n<figure class=\"wp-block-image size-large\"><img decoding=\"async\" width=\"1024\" height=\"431\" src=\"https:\/\/merz-system.de\/wp-content\/uploads\/2026\/03\/Fertigung2001-1024x431.jpg\" alt=\"\" class=\"wp-image-3987\" srcset=\"https:\/\/merz-system.de\/wp-content\/uploads\/2026\/03\/Fertigung2001-1024x431.jpg 1024w, https:\/\/merz-system.de\/wp-content\/uploads\/2026\/03\/Fertigung2001-300x126.jpg 300w, https:\/\/merz-system.de\/wp-content\/uploads\/2026\/03\/Fertigung2001-768x323.jpg 768w, https:\/\/merz-system.de\/wp-content\/uploads\/2026\/03\/Fertigung2001-1536x646.jpg 1536w, https:\/\/merz-system.de\/wp-content\/uploads\/2026\/03\/Fertigung2001-2048x861.jpg 2048w, https:\/\/merz-system.de\/wp-content\/uploads\/2026\/03\/Fertigung2001-18x8.jpg 18w\" sizes=\"(max-width: 1024px) 100vw, 1024px\" \/><\/figure>\n<\/div><\/div><\/div>\n\n\n\n<div id=\"wp-block-themeisle-blocks-timeline-item-0ee0e332\" class=\"wp-block-themeisle-blocks-timeline-item\"><div class=\"o-timeline-container\"><div class=\"o-timeline-icon\"><i class=\"fas fa-circle\"><\/i><\/div><div class=\"o-timeline-content\">\n<p class=\"has-small-font-size wp-block-paragraph\">2002<\/p>\n\n\n\n<h3 class=\"wp-block-heading\">Bernd Kirchhof wird weiterer Gesch\u00e4ftsf\u00fchrer<\/h3>\n\n\n\n<figure class=\"wp-block-image size-full\"><img decoding=\"async\" width=\"600\" height=\"429\" src=\"https:\/\/merz-system.de\/wp-content\/uploads\/2026\/03\/Bernd-Kirchhof.jpg\" alt=\"\" class=\"wp-image-3988\" srcset=\"https:\/\/merz-system.de\/wp-content\/uploads\/2026\/03\/Bernd-Kirchhof.jpg 600w, https:\/\/merz-system.de\/wp-content\/uploads\/2026\/03\/Bernd-Kirchhof-300x215.jpg 300w, https:\/\/merz-system.de\/wp-content\/uploads\/2026\/03\/Bernd-Kirchhof-18x12.jpg 18w\" sizes=\"(max-width: 600px) 100vw, 600px\" \/><\/figure>\n<\/div><\/div><\/div>\n\n\n\n<div id=\"wp-block-themeisle-blocks-timeline-item-c0f15cb1\" class=\"wp-block-themeisle-blocks-timeline-item\"><div class=\"o-timeline-container\"><div class=\"o-timeline-icon\"><i class=\"fas fa-circle\"><\/i><\/div><div class=\"o-timeline-content\">\n<p class=\"has-small-font-size wp-block-paragraph\">2015<\/p>\n\n\n\n<h3 class=\"wp-block-heading\">Holger Merz tritt in die Gesch\u00e4ftsf\u00fchrung ein<\/h3>\n\n\n\n<figure class=\"wp-block-image size-large\"><img decoding=\"async\" width=\"683\" height=\"1024\" src=\"https:\/\/merz-system.de\/wp-content\/uploads\/2026\/03\/Holger-Merz-683x1024.jpg\" alt=\"\" class=\"wp-image-3989\" srcset=\"https:\/\/merz-system.de\/wp-content\/uploads\/2026\/03\/Holger-Merz-683x1024.jpg 683w, https:\/\/merz-system.de\/wp-content\/uploads\/2026\/03\/Holger-Merz-200x300.jpg 200w, https:\/\/merz-system.de\/wp-content\/uploads\/2026\/03\/Holger-Merz-768x1152.jpg 768w, https:\/\/merz-system.de\/wp-content\/uploads\/2026\/03\/Holger-Merz-8x12.jpg 8w, https:\/\/merz-system.de\/wp-content\/uploads\/2026\/03\/Holger-Merz.jpg 800w\" sizes=\"(max-width: 683px) 100vw, 683px\" \/><\/figure>\n<\/div><\/div><\/div>\n\n\n\n<div id=\"wp-block-themeisle-blocks-timeline-item-3c23bb6e\" class=\"wp-block-themeisle-blocks-timeline-item\"><div class=\"o-timeline-container\"><div class=\"o-timeline-icon\"><i class=\"fas fa-circle\"><\/i><\/div><div class=\"o-timeline-content\">\n<p class=\"has-small-font-size wp-block-paragraph\">2017<\/p>\n\n\n\n<h3 class=\"wp-block-heading\">Bernd Kirchhof verl\u00e4sst die Gesch\u00e4ftsf\u00fchrung und tritt in den Ruhestand ein<\/h3>\n\n\n\n<figure class=\"wp-block-image size-full\"><img decoding=\"async\" width=\"600\" height=\"429\" src=\"https:\/\/merz-system.de\/wp-content\/uploads\/2026\/03\/Bernd-Kirchhof.jpg\" alt=\"\" class=\"wp-image-3988\" srcset=\"https:\/\/merz-system.de\/wp-content\/uploads\/2026\/03\/Bernd-Kirchhof.jpg 600w, https:\/\/merz-system.de\/wp-content\/uploads\/2026\/03\/Bernd-Kirchhof-300x215.jpg 300w, https:\/\/merz-system.de\/wp-content\/uploads\/2026\/03\/Bernd-Kirchhof-18x12.jpg 18w\" sizes=\"(max-width: 600px) 100vw, 600px\" \/><\/figure>\n<\/div><\/div><\/div>\n\n\n\n<div id=\"wp-block-themeisle-blocks-timeline-item-1708c4c2\" class=\"wp-block-themeisle-blocks-timeline-item\"><div class=\"o-timeline-container\"><div class=\"o-timeline-icon\"><i class=\"fas fa-circle\"><\/i><\/div><div class=\"o-timeline-content\">\n<p class=\"has-small-font-size wp-block-paragraph\">2020<\/p>\n\n\n\n<h3 class=\"wp-block-heading\">Spatenstich f\u00fcr Neubau in Lich<\/h3>\n\n\n\n<figure class=\"wp-block-image size-large\"><img decoding=\"async\" width=\"683\" height=\"1024\" src=\"https:\/\/merz-system.de\/wp-content\/uploads\/2026\/03\/Neubau-Spatenstich-683x1024.jpg\" alt=\"\" class=\"wp-image-3990\" srcset=\"https:\/\/merz-system.de\/wp-content\/uploads\/2026\/03\/Neubau-Spatenstich-683x1024.jpg 683w, https:\/\/merz-system.de\/wp-content\/uploads\/2026\/03\/Neubau-Spatenstich-200x300.jpg 200w, https:\/\/merz-system.de\/wp-content\/uploads\/2026\/03\/Neubau-Spatenstich-768x1152.jpg 768w, https:\/\/merz-system.de\/wp-content\/uploads\/2026\/03\/Neubau-Spatenstich-8x12.jpg 8w, https:\/\/merz-system.de\/wp-content\/uploads\/2026\/03\/Neubau-Spatenstich.jpg 800w\" sizes=\"(max-width: 683px) 100vw, 683px\" \/><\/figure>\n<\/div><\/div><\/div>\n\n\n\n<div id=\"wp-block-themeisle-blocks-timeline-item-e7948081\" class=\"wp-block-themeisle-blocks-timeline-item\"><div class=\"o-timeline-container\"><div class=\"o-timeline-icon\"><i class=\"fas fa-circle\"><\/i><\/div><div class=\"o-timeline-content\">\n<p class=\"has-small-font-size wp-block-paragraph\">2022<\/p>\n\n\n\n<h3 class=\"wp-block-heading\">Umzug in Neubau<\/h3>\n\n\n\n<figure class=\"wp-block-image size-large\"><img decoding=\"async\" width=\"1024\" height=\"683\" src=\"https:\/\/merz-system.de\/wp-content\/uploads\/2026\/03\/Neubau-1024x683.jpg\" alt=\"\" class=\"wp-image-3991\" srcset=\"https:\/\/merz-system.de\/wp-content\/uploads\/2026\/03\/Neubau-1024x683.jpg 1024w, https:\/\/merz-system.de\/wp-content\/uploads\/2026\/03\/Neubau-300x200.jpg 300w, https:\/\/merz-system.de\/wp-content\/uploads\/2026\/03\/Neubau-768x512.jpg 768w, https:\/\/merz-system.de\/wp-content\/uploads\/2026\/03\/Neubau-1536x1024.jpg 1536w, https:\/\/merz-system.de\/wp-content\/uploads\/2026\/03\/Neubau-2048x1365.jpg 2048w, https:\/\/merz-system.de\/wp-content\/uploads\/2026\/03\/Neubau-18x12.jpg 18w, https:\/\/merz-system.de\/wp-content\/uploads\/2026\/03\/Neubau-930x620.jpg 930w\" sizes=\"(max-width: 1024px) 100vw, 1024px\" \/><\/figure>\n<\/div><\/div><\/div>\n\n\n\n<div id=\"wp-block-themeisle-blocks-timeline-item-ecfbb73e\" class=\"wp-block-themeisle-blocks-timeline-item\"><div class=\"o-timeline-container\"><div class=\"o-timeline-icon\"><i class=\"fas fa-circle\"><\/i><\/div><div class=\"o-timeline-content\">\n<p class=\"has-small-font-size wp-block-paragraph\">2023<\/p>\n\n\n\n<h3 class=\"wp-block-heading\">J\u00f6rn Damaschke wird kauf. Gesch\u00e4ftsf\u00fchrer<\/h3>\n\n\n\n<figure class=\"wp-block-image size-large\"><img decoding=\"async\" width=\"982\" height=\"1024\" src=\"https:\/\/merz-system.de\/wp-content\/uploads\/2026\/03\/damaschke-982x1024.jpg\" alt=\"\" class=\"wp-image-3992\" srcset=\"https:\/\/merz-system.de\/wp-content\/uploads\/2026\/03\/damaschke-982x1024.jpg 982w, https:\/\/merz-system.de\/wp-content\/uploads\/2026\/03\/damaschke-288x300.jpg 288w, https:\/\/merz-system.de\/wp-content\/uploads\/2026\/03\/damaschke-768x801.jpg 768w, https:\/\/merz-system.de\/wp-content\/uploads\/2026\/03\/damaschke-1473x1536.jpg 1473w, https:\/\/merz-system.de\/wp-content\/uploads\/2026\/03\/damaschke-1964x2048.jpg 1964w, https:\/\/merz-system.de\/wp-content\/uploads\/2026\/03\/damaschke-12x12.jpg 12w\" sizes=\"(max-width: 982px) 100vw, 982px\" \/><\/figure>\n<\/div><\/div><\/div>\n<\/div><\/div>","protected":false},"excerpt":{"rendered":"","protected":false},"author":1,"featured_media":0,"parent":0,"menu_order":0,"comment_status":"closed","ping_status":"closed","template":"","meta":{"_crdt_document":"","neve_meta_sidebar":"","neve_meta_container":"","neve_meta_enable_content_width":"","neve_meta_content_width":0,"neve_meta_title_alignment":"","neve_meta_author_avatar":"","neve_post_elements_order":"","neve_meta_disable_header":"","neve_meta_disable_footer":"","neve_meta_disable_title":"","_themeisle_gutenberg_block_has_review":false,"footnotes":""},"class_list":["post-3969","page","type-page","status-publish","hentry"],"_links":{"self":[{"href":"https:\/\/merz-system.de\/en\/wp-json\/wp\/v2\/pages\/3969","targetHints":{"allow":["GET"]}}],"collection":[{"href":"https:\/\/merz-system.de\/en\/wp-json\/wp\/v2\/pages"}],"about":[{"href":"https:\/\/merz-system.de\/en\/wp-json\/wp\/v2\/types\/page"}],"author":[{"embeddable":true,"href":"https:\/\/merz-system.de\/en\/wp-json\/wp\/v2\/users\/1"}],"replies":[{"embeddable":true,"href":"https:\/\/merz-system.de\/en\/wp-json\/wp\/v2\/comments?post=3969"}],"version-history":[{"count":9,"href":"https:\/\/merz-system.de\/en\/wp-json\/wp\/v2\/pages\/3969\/revisions"}],"predecessor-version":[{"id":3993,"href":"https:\/\/merz-system.de\/en\/wp-json\/wp\/v2\/pages\/3969\/revisions\/3993"}],"wp:attachment":[{"href":"https:\/\/merz-system.de\/en\/wp-json\/wp\/v2\/media?parent=3969"}],"curies":[{"name":"wp","href":"https:\/\/api.w.org\/{rel}","templated":true}]}}