{"id":3743,"date":"2025-09-12T15:40:58","date_gmt":"2025-09-12T13:40:58","guid":{"rendered":"https:\/\/merz-system.de\/?page_id=3743"},"modified":"2026-02-06T09:13:35","modified_gmt":"2026-02-06T08:13:35","slug":"job_applyed","status":"publish","type":"page","link":"https:\/\/merz-system.de\/en\/job_applyed\/","title":{"rendered":""},"content":{"rendered":"<div style=\"height:100px\" aria-hidden=\"true\" class=\"wp-block-spacer\"><\/div>\n\n\n\n<div class=\"wp-block-columns is-layout-flex wp-container-core-columns-is-layout-8f761849 wp-block-columns-is-layout-flex\">\n<div class=\"wp-block-column is-layout-flow wp-block-column-is-layout-flow\">\n<h1 class=\"wp-block-heading has-text-align-center\">Vielen Dank f\u00fcr Ihre Bewerbung!<\/h1>\n\n\n\n<p class=\"has-text-align-center wp-block-paragraph\">Wir freuen uns sehr \u00fcber Ihr Interesse an unserem Unternehmen und daf\u00fcr, dass Sie sich die Zeit genommen haben, sich bei uns zu bewerben. <br>Ihre Unterlagen sind erfolgreich bei uns eingegangen.<\/p>\n\n\n\n<p class=\"has-text-align-center wp-block-paragraph\">Unser Recruiting-Team wird Ihre Bewerbung sorgf\u00e4ltig pr\u00fcfen. <br>In der Regel melden wir uns innerhalb der n\u00e4chsten Tage bei Ihnen zur\u00fcck.<\/p>\n\n\n\n<p class=\"has-text-align-center wp-block-paragraph\">Sollten wir in der Zwischenzeit R\u00fcckfragen haben, kontaktieren wir Sie per E-Mail oder telefonisch.<\/p>\n\n\n\n<p class=\"has-text-align-center wp-block-paragraph\">Vielen Dank f\u00fcr Ihr Vertrauen \u2013 wir freuen uns darauf, Sie kennenzulernen<\/p>\n<\/div>\n<\/div>\n\n\n\n<div class=\"wp-block-columns is-layout-flex wp-container-core-columns-is-layout-8f761849 wp-block-columns-is-layout-flex\">\n<div class=\"wp-block-column is-layout-flow wp-block-column-is-layout-flow\" style=\"flex-basis:5%\"><\/div>\n\n\n\n<div class=\"wp-block-column is-layout-flow wp-block-column-is-layout-flow\" style=\"flex-basis:90%\">\n<figure class=\"wp-block-image size-large\"><img decoding=\"async\" width=\"1024\" height=\"683\" src=\"https:\/\/merz-system.de\/wp-content\/uploads\/2026\/02\/DSC07140-1024x683.jpg\" alt=\"\" class=\"wp-image-3884\" srcset=\"https:\/\/merz-system.de\/wp-content\/uploads\/2026\/02\/DSC07140-1024x683.jpg 1024w, https:\/\/merz-system.de\/wp-content\/uploads\/2026\/02\/DSC07140-300x200.jpg 300w, https:\/\/merz-system.de\/wp-content\/uploads\/2026\/02\/DSC07140-768x512.jpg 768w, https:\/\/merz-system.de\/wp-content\/uploads\/2026\/02\/DSC07140-1536x1024.jpg 1536w, https:\/\/merz-system.de\/wp-content\/uploads\/2026\/02\/DSC07140-2048x1365.jpg 2048w, https:\/\/merz-system.de\/wp-content\/uploads\/2026\/02\/DSC07140-18x12.jpg 18w, https:\/\/merz-system.de\/wp-content\/uploads\/2026\/02\/DSC07140-930x620.jpg 930w\" sizes=\"(max-width: 1024px) 100vw, 1024px\" \/><\/figure>\n<\/div>\n\n\n\n<div class=\"wp-block-column is-layout-flow wp-block-column-is-layout-flow\" style=\"flex-basis:5%\"><\/div>\n<\/div>","protected":false},"excerpt":{"rendered":"<p>Vielen Dank f\u00fcr Ihre Bewerbung! Wir freuen uns sehr \u00fcber Ihr Interesse an unserem Unternehmen und daf\u00fcr, dass Sie sich die Zeit genommen haben, sich bei uns zu bewerben. Ihre Unterlagen sind erfolgreich bei uns eingegangen. Unser Recruiting-Team wird Ihre Bewerbung sorgf\u00e4ltig pr\u00fcfen. In der Regel melden wir uns innerhalb der n\u00e4chsten Tage bei Ihnen&hellip;&nbsp;<a href=\"https:\/\/merz-system.de\/en\/job_applyed\/\" rel=\"bookmark\">Read More &raquo;<span class=\"screen-reader-text\"><\/span><\/a><\/p>","protected":false},"author":1,"featured_media":0,"parent":0,"menu_order":0,"comment_status":"closed","ping_status":"closed","template":"","meta":{"_crdt_document":"","neve_meta_sidebar":"","neve_meta_container":"","neve_meta_enable_content_width":"","neve_meta_content_width":0,"neve_meta_title_alignment":"","neve_meta_author_avatar":"","neve_post_elements_order":"","neve_meta_disable_header":"","neve_meta_disable_footer":"","neve_meta_disable_title":"","_themeisle_gutenberg_block_has_review":false,"footnotes":""},"class_list":["post-3743","page","type-page","status-publish","hentry"],"_links":{"self":[{"href":"https:\/\/merz-system.de\/en\/wp-json\/wp\/v2\/pages\/3743","targetHints":{"allow":["GET"]}}],"collection":[{"href":"https:\/\/merz-system.de\/en\/wp-json\/wp\/v2\/pages"}],"about":[{"href":"https:\/\/merz-system.de\/en\/wp-json\/wp\/v2\/types\/page"}],"author":[{"embeddable":true,"href":"https:\/\/merz-system.de\/en\/wp-json\/wp\/v2\/users\/1"}],"replies":[{"embeddable":true,"href":"https:\/\/merz-system.de\/en\/wp-json\/wp\/v2\/comments?post=3743"}],"version-history":[{"count":9,"href":"https:\/\/merz-system.de\/en\/wp-json\/wp\/v2\/pages\/3743\/revisions"}],"predecessor-version":[{"id":3887,"href":"https:\/\/merz-system.de\/en\/wp-json\/wp\/v2\/pages\/3743\/revisions\/3887"}],"wp:attachment":[{"href":"https:\/\/merz-system.de\/en\/wp-json\/wp\/v2\/media?parent=3743"}],"curies":[{"name":"wp","href":"https:\/\/api.w.org\/{rel}","templated":true}]}}