{"id":1974,"date":"2024-03-28T14:39:02","date_gmt":"2024-03-28T13:39:02","guid":{"rendered":"https:\/\/merz-system.de\/?page_id=1974"},"modified":"2026-03-16T08:49:05","modified_gmt":"2026-03-16T07:49:05","slug":"impressum","status":"publish","type":"page","link":"https:\/\/merz-system.de\/en\/impressum\/","title":{"rendered":"Imprint"},"content":{"rendered":"<div id=\"wp-block-themeisle-blocks-advanced-columns-9a1db35c\" class=\"wp-block-themeisle-blocks-advanced-columns alignfull has-2-columns has-desktop-equal-layout has-tablet-equal-layout has-mobile-collapsedRows-layout has-vertical-unset has-light-bg section-stapel\"><div class=\"wp-block-themeisle-blocks-advanced-columns-overlay\"><\/div><div class=\"innerblocks-wrap\">\n<div id=\"wp-block-themeisle-blocks-advanced-column-a0a62250\" class=\"wp-block-themeisle-blocks-advanced-column\">\n<div style=\"height:100px\" aria-hidden=\"true\" class=\"wp-block-spacer\"><\/div>\n\n\n\n<h1 class=\"wp-block-heading\">Imprint<\/h1>\n\n\n\n<h5 class=\"wp-block-heading has-text-color has-link-color wp-elements-f2af9cab2d6e78de9234aa4a03450c34\" style=\"color:#ffcc00;text-transform:uppercase\"><\/h5>\n<\/div>\n\n\n\n<div id=\"wp-block-themeisle-blocks-advanced-column-8efdb196\" class=\"wp-block-themeisle-blocks-advanced-column\">\n<div style=\"height:100px\" aria-hidden=\"true\" class=\"wp-block-spacer\"><\/div>\n\n\n\n<p class=\"wp-block-paragraph\">Merz Verpackungsmaschinen GmbH<br>Carl-Benz-Ring 42<br>35423 Lich<\/p>\n\n\n\n<p class=\"wp-block-paragraph\">Commercial Register: B787<br>Registration court: Amtsgericht Gie\u00dfen<\/p>\n\n\n\n<p class=\"wp-block-paragraph\"><strong>Represented by:<\/strong><br>Gesch\u00e4ftsf\u00fchrende Gesellschafter:<br>Holger Merz, Lich<br><br>Kaufm\u00e4nnischer Gesch\u00e4ftsf\u00fchrer:<br>J\u00f6rn Damaschke, Gr\u00fcnberg<\/p>\n\n\n\n<h2 class=\"wp-block-heading\"><strong>Contact<\/strong><\/h2>\n\n\n\n<p class=\"wp-block-paragraph\">Telephone: +49 6404 9172-0<br>Telefax: +49 6404 9172-50<br>E-Mail: verwaltung@merz-system.de<\/p>\n\n\n\n<h2 class=\"wp-block-heading\"><strong>VAT-ID<\/strong><\/h2>\n\n\n\n<p class=\"wp-block-paragraph\">Sales tax identification number according to Sect. 27 a of the Sales Tax Law:\nDE 112622709<br>DE 112622709<\/p>\n\n\n\n<h2 class=\"wp-block-heading\"><strong>Job title and professional regulations<\/strong><\/h2>\n\n\n\n<p class=\"wp-block-paragraph\">Jon title:<br>Engineer<\/p>\n\n\n\n<p class=\"wp-block-paragraph\">Mit Liebe gemacht von Herr Lich: <a href=\"http:\/\/www.herr-lich.net\" data-type=\"link\" data-id=\"www.herr-lich.net\" target=\"_blank\" rel=\"noopener\">www.herr-lich.net<\/a><\/p>\n<\/div>\n<\/div><\/div>\n\n\n\n<div id=\"wp-block-themeisle-blocks-advanced-columns-3a439deb\" class=\"wp-block-themeisle-blocks-advanced-columns alignfull has-4-columns has-desktop-equal-layout has-tablet-equal-layout has-mobile-collapsedRows-layout has-vertical-top has-light-bg pre-footer section-stapel\"><div class=\"wp-block-themeisle-blocks-advanced-columns-overlay\"><\/div><div class=\"innerblocks-wrap\">\n<div id=\"wp-block-themeisle-blocks-advanced-column-8ba382cf\" class=\"wp-block-themeisle-blocks-advanced-column\">\n<div style=\"height:25px\" aria-hidden=\"true\" class=\"wp-block-spacer\"><\/div>\n\n\n\n<h5 class=\"wp-block-heading headline-footer\">ADDRESS<\/h5>\n\n\n\n<div style=\"height:25px\" aria-hidden=\"true\" class=\"wp-block-spacer\"><\/div>\n\n\n\n<p class=\"footer-content\"><strong>MERZ Verpackungsmaschinen GmbH<\/strong><br>Carl-Benz-Ring 42<br>35423 Lich<br>Germany<\/p>\n<\/div>\n\n\n\n<div id=\"wp-block-themeisle-blocks-advanced-column-92889a1f\" class=\"wp-block-themeisle-blocks-advanced-column\">\n<div style=\"height:25px\" aria-hidden=\"true\" class=\"wp-block-spacer\"><\/div>\n\n\n\n<h5 class=\"wp-block-heading headline-footer\">COMMUNICATION<\/h5>\n\n\n\n<div style=\"height:25px\" aria-hidden=\"true\" class=\"wp-block-spacer\"><\/div>\n\n\n\n<p class=\"footer-content\"><strong>Phone:<\/strong>: +49 6404 9172-0<br><strong>Mail:<\/strong> verwaltung@merz-system.de<\/p>\n<\/div>\n\n\n\n<div id=\"wp-block-themeisle-blocks-advanced-column-7a02af8e\" class=\"wp-block-themeisle-blocks-advanced-column\">\n<div style=\"height:25px\" aria-hidden=\"true\" class=\"wp-block-spacer\"><\/div>\n\n\n\n<h5 class=\"wp-block-heading headline-footer\">Aftersales<\/h5>\n\n\n\n<div style=\"height:25px\" aria-hidden=\"true\" class=\"wp-block-spacer\"><\/div>\n\n\n\n<p class=\"footer-content\"><strong>Phone:<\/strong>: +49 6404 9172-600<br><strong>Whatsapp Business:<\/strong> +49 171 4966680\n<br><strong>Mail:<\/strong> aftersales@merz-system.de\n<\/p>\n<\/div>\n\n\n\n<div id=\"wp-block-themeisle-blocks-advanced-column-9c3d0f10\" class=\"wp-block-themeisle-blocks-advanced-column\">\n<div style=\"height:25px\" aria-hidden=\"true\" class=\"wp-block-spacer\"><\/div>\n\n\n\n<h5 class=\"wp-block-heading headline-footer\">OFFICE HOURS<\/h5>\n\n\n\n<div style=\"height:25px\" aria-hidden=\"true\" class=\"wp-block-spacer\"><\/div>\n\n\n\n<p class=\"footer-content\"><strong> Monday - Thursday\n <\/strong><br>\n8.00 a.m. - 4.30 p.m.<br><strong>Friday <\/strong><br>\n8.00 a.m. - 2.00 p.m.\n<\/p>\n<\/div>\n<\/div><\/div>\n\n\n\n<div class=\"wp-block-group alignfull has-background is-nowrap is-layout-flex wp-container-core-group-is-layout-8f761849 wp-block-group-is-layout-flex\" style=\"background-color:#fafafa\">\n<div style=\"height:50px\" aria-hidden=\"true\" class=\"wp-block-spacer wp-container-content-b30579f5\"><\/div>\n\n\n\n<div style=\"height:80px\" aria-hidden=\"true\" class=\"wp-block-spacer wp-container-content-f96796aa\"><\/div>\n<\/div>","protected":false},"excerpt":{"rendered":"","protected":false},"author":1,"featured_media":0,"parent":0,"menu_order":0,"comment_status":"closed","ping_status":"closed","template":"","meta":{"_crdt_document":"","neve_meta_sidebar":"","neve_meta_container":"","neve_meta_enable_content_width":"","neve_meta_content_width":0,"neve_meta_title_alignment":"","neve_meta_author_avatar":"","neve_post_elements_order":"","neve_meta_disable_header":"","neve_meta_disable_footer":"","neve_meta_disable_title":"on","_themeisle_gutenberg_block_has_review":false,"footnotes":""},"class_list":["post-1974","page","type-page","status-publish","hentry"],"_links":{"self":[{"href":"https:\/\/merz-system.de\/en\/wp-json\/wp\/v2\/pages\/1974","targetHints":{"allow":["GET"]}}],"collection":[{"href":"https:\/\/merz-system.de\/en\/wp-json\/wp\/v2\/pages"}],"about":[{"href":"https:\/\/merz-system.de\/en\/wp-json\/wp\/v2\/types\/page"}],"author":[{"embeddable":true,"href":"https:\/\/merz-system.de\/en\/wp-json\/wp\/v2\/users\/1"}],"replies":[{"embeddable":true,"href":"https:\/\/merz-system.de\/en\/wp-json\/wp\/v2\/comments?post=1974"}],"version-history":[{"count":3,"href":"https:\/\/merz-system.de\/en\/wp-json\/wp\/v2\/pages\/1974\/revisions"}],"predecessor-version":[{"id":4000,"href":"https:\/\/merz-system.de\/en\/wp-json\/wp\/v2\/pages\/1974\/revisions\/4000"}],"wp:attachment":[{"href":"https:\/\/merz-system.de\/en\/wp-json\/wp\/v2\/media?parent=1974"}],"curies":[{"name":"wp","href":"https:\/\/api.w.org\/{rel}","templated":true}]}}