{"id":3903,"date":"2026-02-12T11:40:20","date_gmt":"2026-02-12T10:40:20","guid":{"rendered":"https:\/\/merz-system.de\/?page_id=3903"},"modified":"2026-03-24T16:31:10","modified_gmt":"2026-03-24T15:31:10","slug":"ueber-merz","status":"publish","type":"page","link":"http:\/\/merz-system.de\/en\/ueber-merz\/","title":{"rendered":"MERZ"},"content":{"rendered":"<h1 class=\"wp-block-heading\">THE STORY<\/h1>\n\n\n\n<h5 class=\"wp-block-heading\"><\/h5>\n\n\n\n<p class=\"wp-block-paragraph\">Mr. Eckhard Merz founded the family company initially as a design office named Kob\u00fc Merz in the year 1971.<\/p>\n\n\n\n<p class=\"wp-block-paragraph\">In 1979, Kob\u00fc MERZ became Merz Verpackungsmaschinen GmbH, which Mr. Eckhard Merz successfully managed together with his wife Maria for over 50 years.<\/p>\n\n\n\n<p class=\"wp-block-paragraph\">In 2002 Mr. Bernd Kirchhof was appointed as the third managing director and formed part of the management until 2016.<\/p>\n\n\n\n<p class=\"wp-block-paragraph\">The 2nd generation of the family company is represented by Mr. Holger Merz who manages the company with more than 100 highly qualified employees.<\/p>\n\n\n\n<p class=\"wp-block-paragraph\">Our service includes the development, design, manufacturing and sale of packaging machines and special machines \/ constructions for Stickpacks (small tubular bags) and 3-\/4-side sealed bags.\nOur customers are placed in the tobacco \/ pharmaceutical \/ cosmetics \/ food and chemicals industry.<\/p>\n\n\n\n<p class=\"wp-block-paragraph\">Thanks to the trust of our national and international customers in the reliability, flexibility and long service life of our machines, you can find MERZ machines in over 50 countries\/nations with an export share of 70% all over the world.<\/p>\n\n\n\n<p class=\"wp-block-paragraph\"><\/p>\n\n\n\n<p class=\"wp-block-paragraph\"><\/p>","protected":false},"excerpt":{"rendered":"<p>Die Geschichte Das Familienunternehmen wurde 1971 von Herrn Eckhard Merz zun\u00e4chst als Konstruktionsb\u00fcro gegr\u00fcndet. Im Jahr 1979 wurde aus Kob\u00fc MERZ die Merz Verpackungsmaschinen GmbH, die Herr Eckhard Merz zusammen mit seiner Frau Maria \u00fcber 50 Jahre erfolgreich f\u00fchrte. Bis Ende 2016 stand Herr Bernd Kirchhof als dritter Gesch\u00e4ftsf\u00fchrer der Unternehmensleitung zur Seite. In der&hellip;&nbsp;<a href=\"http:\/\/merz-system.de\/en\/ueber-merz\/\" rel=\"bookmark\">Read More &raquo;<span class=\"screen-reader-text\">MERZ<\/span><\/a><\/p>","protected":false},"author":2,"featured_media":0,"parent":0,"menu_order":0,"comment_status":"closed","ping_status":"closed","template":"","meta":{"_crdt_document":"","neve_meta_sidebar":"","neve_meta_container":"","neve_meta_enable_content_width":"","neve_meta_content_width":0,"neve_meta_title_alignment":"","neve_meta_author_avatar":"","neve_post_elements_order":"","neve_meta_disable_header":"","neve_meta_disable_footer":"","neve_meta_disable_title":"","_themeisle_gutenberg_block_has_review":false,"footnotes":""},"class_list":["post-3903","page","type-page","status-publish","hentry"],"_links":{"self":[{"href":"http:\/\/merz-system.de\/en\/wp-json\/wp\/v2\/pages\/3903","targetHints":{"allow":["GET"]}}],"collection":[{"href":"http:\/\/merz-system.de\/en\/wp-json\/wp\/v2\/pages"}],"about":[{"href":"http:\/\/merz-system.de\/en\/wp-json\/wp\/v2\/types\/page"}],"author":[{"embeddable":true,"href":"http:\/\/merz-system.de\/en\/wp-json\/wp\/v2\/users\/2"}],"replies":[{"embeddable":true,"href":"http:\/\/merz-system.de\/en\/wp-json\/wp\/v2\/comments?post=3903"}],"version-history":[{"count":7,"href":"http:\/\/merz-system.de\/en\/wp-json\/wp\/v2\/pages\/3903\/revisions"}],"predecessor-version":[{"id":4004,"href":"http:\/\/merz-system.de\/en\/wp-json\/wp\/v2\/pages\/3903\/revisions\/4004"}],"wp:attachment":[{"href":"http:\/\/merz-system.de\/en\/wp-json\/wp\/v2\/media?parent=3903"}],"curies":[{"name":"wp","href":"https:\/\/api.w.org\/{rel}","templated":true}]}}